{"id":48447,"date":"2018-05-24T05:45:07","date_gmt":"2018-05-24T05:45:07","guid":{"rendered":"https:\/\/www.mart-design.net\/site\/?page_id=48447"},"modified":"2018-05-24T05:45:07","modified_gmt":"2018-05-24T05:45:07","slug":"datenschutzerklarung","status":"publish","type":"page","link":"https:\/\/www.mart-design.net\/site\/en\/datenschutzerklarung\/","title":{"rendered":"Datenschutzerkl\u00e4rung"},"content":{"rendered":"<h2><strong>Datenschutzerkl\u00e4rung<\/strong><\/h2>\n<p>Verantwortlich im Sinne der Datenschutzgesetzes:<\/p>\n<p>mart-design Medienagentur GmbH<br \/>\nZimmelstrasse 15<br \/>\nUnter\u00e4geri<\/p>\n<p><strong>Erfassung von Daten<\/strong><\/p>\n<p>W\u00e4hrend Sie auf unsere Webseiten zugreifen, erfassen wir automatisch Daten von allgemeiner Natur. Diese Daten (Server-Logfiles) umfassen zum Beispiel die Art ihres Browsers, ihr Betriebssystem, den Domainnamen Ihres Internetanbieters sowie weitere \u00e4hnliche allgemeine Daten. Diese Daten sind absolut Personen unabh\u00e4ngig und werden genutzt, um Ihnen die Webseiten korrekt darzustellen und werden bei jeder Nutzung des Internets abgerufen. Die absolut anonymen Daten werden statistisch ausgewertet um unseren Service f\u00fcr Sie zu verbessern.<\/p>\n<p><strong>Kontaktformular<\/strong><\/p>\n<p>Wenn Sie uns \u00fcber unsere Kontaktseite kontaktieren oder uns eine E-Mail schicken werden die entsprechenden Daten zur Bearbeitung gespeichert.<\/p>\n<p><strong>L\u00f6schung oder Sperrung von Daten<\/strong><\/p>\n<p>Ihre pers\u00f6nlichen Daten werden nur so lange gespeichert, wie dies absolut notwendig ist um die angegebenen Dienste zu leisten und es vom Gesetz vorgeschrieben ist. Nach Ablauf dieser Fristen werden die pers\u00f6nlichen Daten der Nutzer regelm\u00e4\u00dfig gesperrt oder gel\u00f6scht.<\/p>\n<p><strong>Auskunft, Berichtigung, Sperre, L\u00f6schung und Widerspruch<\/strong><\/p>\n<p>Sie k\u00f6nnen zu jedem Zeitpunkt Informationen \u00fcber Ihre bei uns gespeicherten Daten erbitten. Diese k\u00f6nnen auch berichtigt, gesperrt oder, sofern die vorgeschriebene Zeitr\u00e4ume der Datenspeicherung zur Gesch\u00e4ftsabwicklung abgelaufen sind, gel\u00f6scht werden. Unser Datenschutzmitarbeiter hilft Ihnen bei allen entsprechenden Fragen. Seine Kontaktdaten finden Sie weiter unten.<\/p>\n<p>Gesperrte Daten werden in einer speziellen Sperrdatei zu Kontrollzwecken verwahrt. Wenn die gesetzliche Archivierungsverpflichtung abgelaufen ist k\u00f6nnen Sie auch die L\u00f6schung der Daten verlangen. Innerhalb der Archivierungsverpflichtung k\u00f6nnen wir Ihre Daten auf Wunsch sperren.<\/p>\n<p>\u00c4nderungen oder Widerruf von Einwilligungen k\u00f6nnen durch eine Mitteilung an uns vorgenommen werden. Dies ist auch f\u00fcr zuk\u00fcnftige Aktionen m\u00f6glich.<\/p>\n<p><strong>\u00c4nderung der Datenschutzbestimmungen<\/strong><\/p>\n<p>Unsere Datenschutzerkl\u00e4rung k\u00f6nnen in unregelm\u00e4\u00dfigen Abst\u00e4nden angepasst werden, damit sie den aktuellen rechtlichen Anforderungen entsprechen oder um \u00c4nderungen unserer Dienstleistungen umzusetzen, z. B. bei der Einf\u00fcgung neuer Angebote. F\u00fcr Ihren n\u00e4chsten Besuch gilt dann automatisch die neue Datenschutzerkl\u00e4rung.<\/p>\n<p><strong>Kontakt zum Datenschutzmitarbeiter<\/strong><\/p>\n<p>F\u00fcr Fragen zum Datenschutz schicken Sie uns bitte eine Nachricht an info@mart-design.net mit dem Betreff \u201eDatenschutz\u201c.<\/p>","protected":false},"excerpt":{"rendered":"<p>Datenschutzerkl\u00e4rung Verantwortlich im Sinne der Datenschutzgesetzes: mart-design Medienagentur GmbH Zimmelstrasse 15 Unter\u00e4geri Erfassung von Daten W\u00e4hrend Sie auf unsere Webseiten zugreifen, erfassen wir automatisch Daten von allgemeiner Natur. Diese Daten (Server-Logfiles) umfassen zum Beispiel die Art ihres Browsers, ihr Betriebssystem, den Domainnamen Ihres Internetanbieters sowie&#8230;<\/p>","protected":false},"author":1,"featured_media":0,"parent":0,"menu_order":0,"comment_status":"closed","ping_status":"closed","template":"","meta":{"footnotes":""},"class_list":["post-48447","page","type-page","status-publish","hentry"],"_links":{"self":[{"href":"https:\/\/www.mart-design.net\/site\/en\/wp-json\/wp\/v2\/pages\/48447","targetHints":{"allow":["GET"]}}],"collection":[{"href":"https:\/\/www.mart-design.net\/site\/en\/wp-json\/wp\/v2\/pages"}],"about":[{"href":"https:\/\/www.mart-design.net\/site\/en\/wp-json\/wp\/v2\/types\/page"}],"author":[{"embeddable":true,"href":"https:\/\/www.mart-design.net\/site\/en\/wp-json\/wp\/v2\/users\/1"}],"replies":[{"embeddable":true,"href":"https:\/\/www.mart-design.net\/site\/en\/wp-json\/wp\/v2\/comments?post=48447"}],"version-history":[{"count":1,"href":"https:\/\/www.mart-design.net\/site\/en\/wp-json\/wp\/v2\/pages\/48447\/revisions"}],"predecessor-version":[{"id":48448,"href":"https:\/\/www.mart-design.net\/site\/en\/wp-json\/wp\/v2\/pages\/48447\/revisions\/48448"}],"wp:attachment":[{"href":"https:\/\/www.mart-design.net\/site\/en\/wp-json\/wp\/v2\/media?parent=48447"}],"curies":[{"name":"wp","href":"https:\/\/api.w.org\/{rel}","templated":true}]}}